{"id":94,"date":"2023-02-03T20:30:32","date_gmt":"2023-02-03T20:30:32","guid":{"rendered":"http:\/\/www.hebsack-schafe.de\/startseite\/?page_id=94"},"modified":"2025-02-10T09:30:48","modified_gmt":"2025-02-10T09:30:48","slug":"beweidung","status":"publish","type":"page","link":"https:\/\/www.hebsack-schafe.de\/startseite\/beweidung\/","title":{"rendered":"Beweidung"},"content":{"rendered":"\n<p class=\"has-text-align-center has-text-color has-medium-font-size\" style=\"color:#abc57e\"><strong>Beweidung<\/strong><\/p>\n\n\n\n<p class=\"has-text-align-center\"><strong>Die Landschaftspflege mit Schafen und Ziegen ist echter Umweltschutz!<\/strong><\/p>\n\n\n\n<p class=\"has-text-align-center\">Durch die Wolle und die Klauen werden Pflanzensamen und Insekten verteilt, das erh\u00f6ht die genetische Vielfalt.<\/p>\n\n\n\n<p class=\"has-text-align-center\">Beim mechanischen Rasenm\u00e4hen bleibt der Schnitt meist liegen und f\u00fchrt zu einer Stickstoff \u00dcberd\u00fcngung. Die Wiesen werden &#8222;zu fett&#8220;. Die Hinterlassenschaften der Schafe sind besser als D\u00fcnger geeignet.<\/p>\n\n\n\n<p class=\"has-text-align-center\">Schafe fressen nicht einfach alles kahl. Verschiedene f\u00fcr Insekten wichtige Pflanzen und Bl\u00fcten bleiben zum Teil stehen. <\/p>\n\n\n\n<p class=\"has-text-align-center has-text-color\" style=\"color:#abc57e\"><strong>Durch die Beweidung werden die Wiesen wieder bunter und Einheimische Pflanzen, Kr\u00e4uter und Tiere haben wieder mehr Lebensraum. <\/strong><\/p>\n\n\n\n<p class=\"has-text-align-center has-text-color has-link-color has-small-font-size wp-elements-bfe0ef0c5f736dfec43665de3b457545\" style=\"color:#abc57e\"><a href=\"https:\/\/www.nutztierhaltung.de\/schaf\/management\/beweidung-mit-schafen-foerdert-die-biodiversitaet\/\" target=\"_blank\" rel=\"noreferrer noopener\">HIER gibt es auch Informationen vom &#8222;Bundesinformationszentrum Landwirtschaft&#8220; dazu.<\/a><\/p>\n\n\n<div class=\"wp-block-image\">\n<figure class=\"aligncenter size-large is-resized\"><img loading=\"lazy\" decoding=\"async\" width=\"1024\" height=\"499\" src=\"https:\/\/www.hebsack-schafe.de\/wp-content\/uploads\/2023\/03\/beweidung-1024x499.jpg\" alt=\"\" class=\"wp-image-386\" style=\"width:469px;height:228px\" srcset=\"https:\/\/www.hebsack-schafe.de\/wp-content\/uploads\/2023\/03\/beweidung-1024x499.jpg 1024w, https:\/\/www.hebsack-schafe.de\/wp-content\/uploads\/2023\/03\/beweidung-300x146.jpg 300w, https:\/\/www.hebsack-schafe.de\/wp-content\/uploads\/2023\/03\/beweidung-768x374.jpg 768w, https:\/\/www.hebsack-schafe.de\/wp-content\/uploads\/2023\/03\/beweidung-1536x748.jpg 1536w, https:\/\/www.hebsack-schafe.de\/wp-content\/uploads\/2023\/03\/beweidung-2048x997.jpg 2048w\" sizes=\"auto, (max-width: 1024px) 100vw, 1024px\" \/><\/figure>\n<\/div>\n\n\n<p class=\"has-text-align-center\">B\u00e4ume werden durch die Schafe nicht besch\u00e4digt und auch kein Obst abgefressen. <\/p>\n\n\n<div class=\"wp-block-image\">\n<figure class=\"aligncenter size-large is-resized\"><img loading=\"lazy\" decoding=\"async\" width=\"1024\" height=\"378\" src=\"https:\/\/www.hebsack-schafe.de\/wp-content\/uploads\/2023\/03\/obstbaeume-1024x378.jpg\" alt=\"\" class=\"wp-image-389\" style=\"width:476px;height:175px\" srcset=\"https:\/\/www.hebsack-schafe.de\/wp-content\/uploads\/2023\/03\/obstbaeume-1024x378.jpg 1024w, https:\/\/www.hebsack-schafe.de\/wp-content\/uploads\/2023\/03\/obstbaeume-300x111.jpg 300w, https:\/\/www.hebsack-schafe.de\/wp-content\/uploads\/2023\/03\/obstbaeume-768x284.jpg 768w, https:\/\/www.hebsack-schafe.de\/wp-content\/uploads\/2023\/03\/obstbaeume-1536x568.jpg 1536w, https:\/\/www.hebsack-schafe.de\/wp-content\/uploads\/2023\/03\/obstbaeume-2048x757.jpg 2048w\" sizes=\"auto, (max-width: 1024px) 100vw, 1024px\" \/><\/figure>\n<\/div>\n\n\n<p class=\"has-text-align-center\">F\u00fcr Brombeeren oder zu viele Str\u00e4ucher sind unsere <a rel=\"noreferrer noopener\" href=\"https:\/\/www.hebsack-schafe.de\/startseite\/ziegen\/\" target=\"_blank\">Ziegen<\/a> zust\u00e4ndig.<\/p>\n\n\n<div class=\"wp-block-image\">\n<figure class=\"aligncenter size-large is-resized\"><img loading=\"lazy\" decoding=\"async\" width=\"1024\" height=\"343\" src=\"http:\/\/www.hebsack-schafe.de\/wp-content\/uploads\/2023\/03\/ziegen_gehoelz-1024x343.jpg\" alt=\"\" class=\"wp-image-379\" style=\"width:477px;height:160px\" srcset=\"https:\/\/www.hebsack-schafe.de\/wp-content\/uploads\/2023\/03\/ziegen_gehoelz-1024x343.jpg 1024w, https:\/\/www.hebsack-schafe.de\/wp-content\/uploads\/2023\/03\/ziegen_gehoelz-300x101.jpg 300w, https:\/\/www.hebsack-schafe.de\/wp-content\/uploads\/2023\/03\/ziegen_gehoelz-768x257.jpg 768w, https:\/\/www.hebsack-schafe.de\/wp-content\/uploads\/2023\/03\/ziegen_gehoelz-1536x515.jpg 1536w, https:\/\/www.hebsack-schafe.de\/wp-content\/uploads\/2023\/03\/ziegen_gehoelz-2048x686.jpg 2048w\" sizes=\"auto, (max-width: 1024px) 100vw, 1024px\" \/><\/figure>\n<\/div>\n\n\n<p class=\"has-text-align-center\">Durch die Verwendung von steckbaren Weidenetzen, sind wir sehr flexibel. Auch steilere H\u00e4nge oder unebenes Gel\u00e4nde, sind f\u00fcr unsere Schafe kein Problem. Im Sommer ziehen wir von Wiese zu Wiese. <\/p>\n\n\n<div class=\"wp-block-image\">\n<figure class=\"aligncenter size-large is-resized\"><img loading=\"lazy\" decoding=\"async\" width=\"1024\" height=\"378\" src=\"https:\/\/www.hebsack-schafe.de\/wp-content\/uploads\/2023\/03\/Weidenetze-1024x378.jpg\" alt=\"\" class=\"wp-image-392\" style=\"width:474px;height:175px\" srcset=\"https:\/\/www.hebsack-schafe.de\/wp-content\/uploads\/2023\/03\/Weidenetze-1024x378.jpg 1024w, https:\/\/www.hebsack-schafe.de\/wp-content\/uploads\/2023\/03\/Weidenetze-300x111.jpg 300w, https:\/\/www.hebsack-schafe.de\/wp-content\/uploads\/2023\/03\/Weidenetze-768x284.jpg 768w, https:\/\/www.hebsack-schafe.de\/wp-content\/uploads\/2023\/03\/Weidenetze-1536x568.jpg 1536w, https:\/\/www.hebsack-schafe.de\/wp-content\/uploads\/2023\/03\/Weidenetze-2048x757.jpg 2048w\" sizes=\"auto, (max-width: 1024px) 100vw, 1024px\" \/><\/figure>\n<\/div>\n\n\n<p class=\"has-text-align-center\">Sie haben Interesse an einer Beweidung Ihres Grundst\u00fcckes?<br>Nehmen Sie gerne Kontakt mit uns auf:<\/p>\n\n\n\n<p class=\"has-text-align-center\">Beatrix Kappeller<br><a rel=\"noreferrer noopener\" href=\"mailto:hebsack-schafe@web.de\" target=\"_blank\">hebsack-schafe@web.de<\/a><br>Telefon: 015150702069<\/p>\n\n\n\n<p class=\"has-text-align-center\">Bilder von unseren Tieren &#8222;bei der Arbeit&#8220;:<\/p>\n\n\n\n<p><\/p>\n\n\n\nngg_shortcode_0_placeholder\n","protected":false},"excerpt":{"rendered":"<p>Beweidung Die Landschaftspflege mit Schafen und Ziegen ist echter Umweltschutz! Durch die Wolle und die [&hellip;]<\/p>\n","protected":false},"author":1,"featured_media":0,"parent":0,"menu_order":0,"comment_status":"closed","ping_status":"closed","template":"","meta":{"ngg_post_thumbnail":0,"footnotes":""},"class_list":["post-94","page","type-page","status-publish","hentry"],"_links":{"self":[{"href":"https:\/\/www.hebsack-schafe.de\/startseite\/wp-json\/wp\/v2\/pages\/94","targetHints":{"allow":["GET"]}}],"collection":[{"href":"https:\/\/www.hebsack-schafe.de\/startseite\/wp-json\/wp\/v2\/pages"}],"about":[{"href":"https:\/\/www.hebsack-schafe.de\/startseite\/wp-json\/wp\/v2\/types\/page"}],"author":[{"embeddable":true,"href":"https:\/\/www.hebsack-schafe.de\/startseite\/wp-json\/wp\/v2\/users\/1"}],"replies":[{"embeddable":true,"href":"https:\/\/www.hebsack-schafe.de\/startseite\/wp-json\/wp\/v2\/comments?post=94"}],"version-history":[{"count":22,"href":"https:\/\/www.hebsack-schafe.de\/startseite\/wp-json\/wp\/v2\/pages\/94\/revisions"}],"predecessor-version":[{"id":653,"href":"https:\/\/www.hebsack-schafe.de\/startseite\/wp-json\/wp\/v2\/pages\/94\/revisions\/653"}],"wp:attachment":[{"href":"https:\/\/www.hebsack-schafe.de\/startseite\/wp-json\/wp\/v2\/media?parent=94"}],"curies":[{"name":"wp","href":"https:\/\/api.w.org\/{rel}","templated":true}]}}